{"id":462,"date":"2015-07-03T08:47:58","date_gmt":"2015-07-03T08:47:58","guid":{"rendered":"http:\/\/www.caipla.com\/web\/?page_id=462"},"modified":"2015-08-03T14:17:20","modified_gmt":"2015-08-03T14:17:20","slug":"home","status":"publish","type":"page","link":"https:\/\/www.caipla.com\/web\/","title":{"rendered":""},"content":{"rendered":"<p style=\"text-align: center;\"><a href=\"http:\/\/www.exposolidos.com\/invitacion\/form_invitacion.php\"><img loading=\"lazy\" decoding=\"async\" class=\"aligncenter size-full wp-image-447\" title=\"invitacion exposolidos12\" src=\"https:\/\/www.caipla.com\/web\/wp-content\/uploads\/invitacion-exposolidos12.png\" alt=\"\" width=\"600\" height=\"144\" srcset=\"https:\/\/www.caipla.com\/web\/wp-content\/uploads\/invitacion-exposolidos12.png 600w, https:\/\/www.caipla.com\/web\/wp-content\/uploads\/invitacion-exposolidos12-300x72.png 300w\" sizes=\"(max-width: 600px) 100vw, 600px\" \/><\/a><\/p>\n<table border=\"0\" width=\"100%\">\n<tbody>\n<tr>\n<td align=\"center\"><a title=\"CALDERERIA TECNICA INDUSTRIAL\" href=\"https:\/\/www.caipla.com\/web\/?page_id=150\"><img loading=\"lazy\" decoding=\"async\" src=\"https:\/\/www.caipla.com\/web\/wp-content\/themes\/theme962\/images\/1page-img1.jpg\" alt=\"\" width=\"194\" height=\"140\" \/><\/a>Calderer\u00eda T\u00e9cnica Industrial<\/td>\n<td align=\"center\"><a title=\"MANTENIMIENTO E INSTALACIONES\" href=\"https:\/\/www.caipla.com\/web\/?page_id=152\"><img loading=\"lazy\" decoding=\"async\" src=\"https:\/\/www.caipla.com\/web\/wp-content\/themes\/theme962\/images\/1page-img2.jpg\" alt=\"\" width=\"194\" height=\"140\" \/><\/a>Mantenimiento e Instalaciones<br \/>\nIndustriales<\/td>\n<td align=\"center\"><a title=\"MAQUINARIA A MEDIDA\" href=\"https:\/\/www.caipla.com\/web\/?page_id=154\"><img loading=\"lazy\" decoding=\"async\" src=\"https:\/\/www.caipla.com\/web\/wp-content\/themes\/theme962\/images\/1page-img3.jpg\" alt=\"\" width=\"194\" height=\"140\" \/><\/a>Maquinaria a medida<\/td>\n<\/tr>\n<tr>\n<td align=\"center\"><a title=\"DISE\u00d1O INDUSTRIAL\" href=\"https:\/\/www.caipla.com\/web\/?page_id=156\"><img loading=\"lazy\" decoding=\"async\" src=\"https:\/\/www.caipla.com\/web\/wp-content\/themes\/theme962\/images\/1page-img4.jpg\" alt=\"\" width=\"194\" height=\"140\" \/><\/a>Dise\u00f1o Industrial<\/td>\n<td align=\"center\"><a title=\"INGENIERIA Y AUTOMATIZACION\" href=\"https:\/\/www.caipla.com\/web\/?page_id=158\"><img loading=\"lazy\" decoding=\"async\" src=\"https:\/\/www.caipla.com\/web\/wp-content\/themes\/theme962\/images\/1page-img5.jpg\" alt=\"\" width=\"194\" height=\"140\" \/><\/a>Ingenier\u00eda y automatizaci\u00f3n<\/td>\n<td align=\"center\"><a title=\"BULKER\" href=\"http:\/\/www.bulker.eu\/\" target=\"_blank\"><img loading=\"lazy\" decoding=\"async\" src=\"https:\/\/www.caipla.com\/web\/wp-content\/themes\/theme962\/images\/1page-img6.jpg\" alt=\"\" width=\"194\" height=\"140\" \/><\/a>Bulker &#8211; Equipos para procesos<br \/>\nde s\u00f3lidos<\/td>\n<\/tr>\n<\/tbody>\n<\/table>\n","protected":false},"excerpt":{"rendered":"<p>Calderer\u00eda T\u00e9cnica Industrial Mantenimiento e Instalaciones Industriales Maquinaria a medida Dise\u00f1o Industrial Ingenier\u00eda y automatizaci\u00f3n Bulker &#8211; Equipos para procesos de s\u00f3lidos<\/p>\n","protected":false},"author":2,"featured_media":0,"parent":0,"menu_order":0,"comment_status":"open","ping_status":"closed","template":"","meta":{"footnotes":""},"_links":{"self":[{"href":"https:\/\/www.caipla.com\/web\/wp-json\/wp\/v2\/pages\/462"}],"collection":[{"href":"https:\/\/www.caipla.com\/web\/wp-json\/wp\/v2\/pages"}],"about":[{"href":"https:\/\/www.caipla.com\/web\/wp-json\/wp\/v2\/types\/page"}],"author":[{"embeddable":true,"href":"https:\/\/www.caipla.com\/web\/wp-json\/wp\/v2\/users\/2"}],"replies":[{"embeddable":true,"href":"https:\/\/www.caipla.com\/web\/wp-json\/wp\/v2\/comments?post=462"}],"version-history":[{"count":2,"href":"https:\/\/www.caipla.com\/web\/wp-json\/wp\/v2\/pages\/462\/revisions"}],"predecessor-version":[{"id":467,"href":"https:\/\/www.caipla.com\/web\/wp-json\/wp\/v2\/pages\/462\/revisions\/467"}],"wp:attachment":[{"href":"https:\/\/www.caipla.com\/web\/wp-json\/wp\/v2\/media?parent=462"}],"curies":[{"name":"wp","href":"https:\/\/api.w.org\/{rel}","templated":true}]}}