{"id":158,"date":"2011-11-14T17:37:13","date_gmt":"2011-11-14T17:37:13","guid":{"rendered":"http:\/\/www.caipla.com\/web\/?page_id=158"},"modified":"2011-12-07T11:53:54","modified_gmt":"2011-12-07T11:53:54","slug":"ingenieria-y-automatizacion","status":"publish","type":"page","link":"https:\/\/www.caipla.com\/web\/ingenieria-y-automatizacion\/","title":{"rendered":"INGENIER\u00cdA Y AUTOMATIZACI\u00d3N"},"content":{"rendered":"<p style=\"text-align: justify;\">El departamento de ingenier\u00eda de <strong>CAIPLA<\/strong> desarrolla soluciones en respuesta a las necesidades particulares de cada caso.<\/p>\n<p style=\"text-align: justify;\"><strong>C\u00e1lculo de recipientes a presi\u00f3n:<\/strong><\/p>\n<ul style=\"text-align: justify;\">\n<li>Los c\u00f3digos de dise\u00f1o empleados son: DIN, AD-Merkblater, ASME VIII div.1.<\/li>\n<\/ul>\n<p style=\"text-align: justify;\"><strong>Automatizaci\u00f3n industrial:<\/strong><\/p>\n<ul style=\"text-align: justify;\">\n<li>Automatizaci\u00f3n mediante PLC, PC, sistemas de supervisi\u00f3n SCADA, registradores de datos.<\/li>\n<li>Instalaciones el\u00e9ctricas de baja tensi\u00f3n conforme al RTB.<\/li>\n<\/ul>\n<p style=\"text-align: justify;\"><strong>Marcado CE:<\/strong><\/p>\n<ul style=\"text-align: justify;\">\n<li>Todas nuestras m\u00e1quinas e instalaciones se suministran conforme a la directiva de m\u00e1quinas 2006\/42\/CE, as\u00ed como otras directivas aplicables.<\/li>\n<\/ul>\n<p style=\"text-align: justify;\"><strong>Certificaci\u00f3n ATEX:<\/strong><\/p>\n<ul>\n<li style=\"text-align: justify;\">Si la instalaci\u00f3n o las caracter\u00edsticas del producto lo requieren, \u00e9stos pueden fabricarse conforme a la directiva 94\/9\/CE (Aparatos y Sistemas de Protecci\u00f3n para Uso en Atm\u00f3sferas Potencialmente Explosivas).<\/li>\n<\/ul>\n","protected":false},"excerpt":{"rendered":"<p>El departamento de ingenier\u00eda de CAIPLA desarrolla soluciones en respuesta a las necesidades particulares de cada caso. C\u00e1lculo de recipientes a presi\u00f3n: Los c\u00f3digos de dise\u00f1o empleados son: DIN, AD-Merkblater, ASME VIII div.1. Automatizaci\u00f3n industrial: Automatizaci\u00f3n mediante PLC, PC, sistemas de supervisi\u00f3n SCADA, registradores de datos. Instalaciones el\u00e9ctricas de baja tensi\u00f3n conforme al RTB. Marcado [&hellip;]<\/p>\n","protected":false},"author":2,"featured_media":0,"parent":0,"menu_order":0,"comment_status":"open","ping_status":"closed","template":"","meta":{"footnotes":""},"_links":{"self":[{"href":"https:\/\/www.caipla.com\/web\/wp-json\/wp\/v2\/pages\/158"}],"collection":[{"href":"https:\/\/www.caipla.com\/web\/wp-json\/wp\/v2\/pages"}],"about":[{"href":"https:\/\/www.caipla.com\/web\/wp-json\/wp\/v2\/types\/page"}],"author":[{"embeddable":true,"href":"https:\/\/www.caipla.com\/web\/wp-json\/wp\/v2\/users\/2"}],"replies":[{"embeddable":true,"href":"https:\/\/www.caipla.com\/web\/wp-json\/wp\/v2\/comments?post=158"}],"version-history":[{"count":7,"href":"https:\/\/www.caipla.com\/web\/wp-json\/wp\/v2\/pages\/158\/revisions"}],"predecessor-version":[{"id":353,"href":"https:\/\/www.caipla.com\/web\/wp-json\/wp\/v2\/pages\/158\/revisions\/353"}],"wp:attachment":[{"href":"https:\/\/www.caipla.com\/web\/wp-json\/wp\/v2\/media?parent=158"}],"curies":[{"name":"wp","href":"https:\/\/api.w.org\/{rel}","templated":true}]}}