{"id":156,"date":"2011-11-14T17:36:14","date_gmt":"2011-11-14T17:36:14","guid":{"rendered":"http:\/\/www.caipla.com\/web\/?page_id=156"},"modified":"2011-12-30T10:51:59","modified_gmt":"2011-12-30T10:51:59","slug":"diseno-industrial","status":"publish","type":"page","link":"https:\/\/www.caipla.com\/web\/diseno-industrial\/","title":{"rendered":"DISE\u00d1O INDUSTRIAL"},"content":{"rendered":"<p>Combinando materiales, sus ideas y nuestra experiencia realizamos:<\/p>\n<p>-Expositores<\/p>\n<p>-Carteler\u00eda<\/p>\n<p>-Mobiliario<\/p>\n<p>-Puntos informativos<\/p>\n<p>-Elementos decorativos<\/p>\n<p>&nbsp;<\/p>\n<h2>Muestra de trabajos:<\/h2>\n<table width=\"100%\" border=\"0\">\n<tbody>\n<tr>\n<td align=\"center\"><img loading=\"lazy\" decoding=\"async\" class=\"aligncenter\" title=\"EXPOSITOR  CORPORATIVO MURAL\" src=\"https:\/\/www.caipla.com\/web\/wp-content\/uploads\/DSC00833-300x225.jpg\" alt=\"\" width=\"221\" height=\"156\" \/>CARTELER\u00cdA CORPORATIVA RETROILUMINADA EN ACERO CORTEN<\/td>\n<td align=\"center\"><img loading=\"lazy\" decoding=\"async\" class=\"alignnone size-medium wp-image-231\" title=\"SIMULADOR\" src=\"https:\/\/www.caipla.com\/web\/wp-content\/uploads\/SIMULADOR-300x225.jpg\" alt=\"\" width=\"215\" height=\"158\" \/>SIMULADOR DE VUELO PARA ESCUELA DE PILOTOS<\/td>\n<td align=\"center\"><img loading=\"lazy\" decoding=\"async\" class=\"alignnone size-medium wp-image-241\" title=\"EXPOSOLIDOS\" src=\"https:\/\/www.caipla.com\/web\/wp-content\/uploads\/EXPOSOLIDOS-300x225.jpg\" alt=\"\" width=\"216\" height=\"160\" \/>EXPOSITOR + SOPORTACI\u00d3N TV<\/td>\n<\/tr>\n<tr>\n<td align=\"center\"><img loading=\"lazy\" decoding=\"async\" class=\"alignnone size-medium wp-image-205\" title=\"MUESTRARIOS\" src=\"https:\/\/www.caipla.com\/web\/wp-content\/uploads\/DSC00639-300x225.jpg\" alt=\"\" width=\"210\" height=\"145\" \/>EXPOSITORES &#8211; MUESTRARIOS PARA FERIAS<\/td>\n<td align=\"center\"><img loading=\"lazy\" decoding=\"async\" title=\"MUEBLE METALICO\" src=\"https:\/\/www.caipla.com\/web\/wp-content\/uploads\/mier-salon-web21-300x225.jpg\" alt=\"\" width=\"216\" height=\"145\" \/>MUEBLE MET\u00c1LICO EN CHAPA CORTEN CON FALSA VENTANA RETROILUMINADA<\/td>\n<td align=\"center\"><img loading=\"lazy\" decoding=\"async\" class=\"alignnone size-medium wp-image-246\" title=\"puntoinfo\" src=\"https:\/\/www.caipla.com\/web\/wp-content\/uploads\/puntoinfo-225x300.jpg\" alt=\"\" width=\"197\" height=\"281\" \/><\/p>\n<p>PUNTO INFORMATIVO<\/td>\n<\/tr>\n<\/tbody>\n<\/table>\n","protected":false},"excerpt":{"rendered":"<p>Combinando materiales, sus ideas y nuestra experiencia realizamos: -Expositores -Carteler\u00eda -Mobiliario -Puntos informativos -Elementos decorativos &nbsp; Muestra de trabajos: CARTELER\u00cdA CORPORATIVA RETROILUMINADA EN ACERO CORTEN SIMULADOR DE VUELO PARA ESCUELA DE PILOTOS EXPOSITOR + SOPORTACI\u00d3N TV EXPOSITORES &#8211; MUESTRARIOS PARA FERIAS MUEBLE MET\u00c1LICO EN CHAPA CORTEN CON FALSA VENTANA RETROILUMINADA PUNTO INFORMATIVO<\/p>\n","protected":false},"author":2,"featured_media":0,"parent":0,"menu_order":0,"comment_status":"open","ping_status":"closed","template":"","meta":{"footnotes":""},"_links":{"self":[{"href":"https:\/\/www.caipla.com\/web\/wp-json\/wp\/v2\/pages\/156"}],"collection":[{"href":"https:\/\/www.caipla.com\/web\/wp-json\/wp\/v2\/pages"}],"about":[{"href":"https:\/\/www.caipla.com\/web\/wp-json\/wp\/v2\/types\/page"}],"author":[{"embeddable":true,"href":"https:\/\/www.caipla.com\/web\/wp-json\/wp\/v2\/users\/2"}],"replies":[{"embeddable":true,"href":"https:\/\/www.caipla.com\/web\/wp-json\/wp\/v2\/comments?post=156"}],"version-history":[{"count":22,"href":"https:\/\/www.caipla.com\/web\/wp-json\/wp\/v2\/pages\/156\/revisions"}],"predecessor-version":[{"id":419,"href":"https:\/\/www.caipla.com\/web\/wp-json\/wp\/v2\/pages\/156\/revisions\/419"}],"wp:attachment":[{"href":"https:\/\/www.caipla.com\/web\/wp-json\/wp\/v2\/media?parent=156"}],"curies":[{"name":"wp","href":"https:\/\/api.w.org\/{rel}","templated":true}]}}