{"id":154,"date":"2011-11-14T17:35:28","date_gmt":"2011-11-14T17:35:28","guid":{"rendered":"http:\/\/www.caipla.com\/web\/?page_id=154"},"modified":"2011-12-30T10:52:28","modified_gmt":"2011-12-30T10:52:28","slug":"maquinaria-a-medida","status":"publish","type":"page","link":"https:\/\/www.caipla.com\/web\/maquinaria-a-medida\/","title":{"rendered":"MAQUINARIA A MEDIDA"},"content":{"rendered":"<p style=\"text-align: justify;\"><strong>CAIPLA<\/strong> ofrece servicios de fabricaci\u00f3n de maquinaria personalizada seg\u00fan dise\u00f1os espec\u00edficos provistos por el cliente. La empresa cuenta con una amplia experiencia en sectores como la depuraci\u00f3n de aguas, pl\u00e1stico, qu\u00edmica, alimentaci\u00f3n y farmace\u00fatica.<\/p>\n<div>\n<table width=\"750\" border=\"0\">\n<tbody>\n<tr>\n<td><strong><\/strong><img loading=\"lazy\" decoding=\"async\" class=\"aligncenter\" title=\"DSC06548\" src=\"https:\/\/www.caipla.com\/web\/wp-content\/uploads\/DSC06548-300x225.jpg\" alt=\"\" width=\"300\" height=\"225\" \/><\/td>\n<td valign=\"top\">\n<p style=\"text-align: center;\"><strong><\/strong><img loading=\"lazy\" decoding=\"async\" class=\"aligncenter\" title=\"web-11-12\" src=\"https:\/\/www.caipla.com\/web\/wp-content\/uploads\/web-11-12-300x225.jpg\" alt=\"\" width=\"300\" height=\"225\" \/><\/p>\n<\/td>\n<\/tr>\n<\/tbody>\n<\/table>\n<\/div>\n<div>\n<table width=\"750\" border=\"0\">\n<tbody>\n<tr>\n<td><strong><\/strong><\/p>\n<p style=\"text-align: justify;\"><a href=\"https:\/\/www.caipla.com\/web\/wp-content\/uploads\/DSC00704.jpg\"><img loading=\"lazy\" decoding=\"async\" class=\"aligncenter size-medium wp-image-206\" title=\"DSC00704\" src=\"https:\/\/www.caipla.com\/web\/wp-content\/uploads\/DSC00704-300x225.jpg\" alt=\"\" width=\"300\" height=\"225\" srcset=\"https:\/\/www.caipla.com\/web\/wp-content\/uploads\/DSC00704-300x225.jpg 300w, https:\/\/www.caipla.com\/web\/wp-content\/uploads\/DSC00704-1024x768.jpg 1024w\" sizes=\"(max-width: 300px) 100vw, 300px\" \/><\/a><\/p>\n<\/td>\n<td valign=\"top\"><\/td>\n<\/tr>\n<\/tbody>\n<\/table>\n<\/div>\n","protected":false},"excerpt":{"rendered":"<p>CAIPLA ofrece servicios de fabricaci\u00f3n de maquinaria personalizada seg\u00fan dise\u00f1os espec\u00edficos provistos por el cliente. La empresa cuenta con una amplia experiencia en sectores como la depuraci\u00f3n de aguas, pl\u00e1stico, qu\u00edmica, alimentaci\u00f3n y farmace\u00fatica.<\/p>\n","protected":false},"author":2,"featured_media":0,"parent":0,"menu_order":0,"comment_status":"open","ping_status":"closed","template":"","meta":{"footnotes":""},"_links":{"self":[{"href":"https:\/\/www.caipla.com\/web\/wp-json\/wp\/v2\/pages\/154"}],"collection":[{"href":"https:\/\/www.caipla.com\/web\/wp-json\/wp\/v2\/pages"}],"about":[{"href":"https:\/\/www.caipla.com\/web\/wp-json\/wp\/v2\/types\/page"}],"author":[{"embeddable":true,"href":"https:\/\/www.caipla.com\/web\/wp-json\/wp\/v2\/users\/2"}],"replies":[{"embeddable":true,"href":"https:\/\/www.caipla.com\/web\/wp-json\/wp\/v2\/comments?post=154"}],"version-history":[{"count":12,"href":"https:\/\/www.caipla.com\/web\/wp-json\/wp\/v2\/pages\/154\/revisions"}],"predecessor-version":[{"id":420,"href":"https:\/\/www.caipla.com\/web\/wp-json\/wp\/v2\/pages\/154\/revisions\/420"}],"wp:attachment":[{"href":"https:\/\/www.caipla.com\/web\/wp-json\/wp\/v2\/media?parent=154"}],"curies":[{"name":"wp","href":"https:\/\/api.w.org\/{rel}","templated":true}]}}