{"id":152,"date":"2011-11-14T17:34:18","date_gmt":"2011-11-14T17:34:18","guid":{"rendered":"http:\/\/www.caipla.com\/web\/?page_id=152"},"modified":"2011-12-30T11:03:58","modified_gmt":"2011-12-30T11:03:58","slug":"mantenimiento-e-instalaciones-industriales","status":"publish","type":"page","link":"https:\/\/www.caipla.com\/web\/mantenimiento-e-instalaciones-industriales\/","title":{"rendered":"MANTENIMIENTO E INSTALACIONES INDUSTRIALES"},"content":{"rendered":"<p style=\"text-align: justify;\"><strong>CAIPLA<\/strong> realiza instalaciones para fluidos y montajes met\u00e1licos. Colaboramos con su departamento de mantenimiento en las diferentes tareas dando soporte donde sea necesari-<\/p>\n<p>&#8211; Montajes metalmec\u00e1nicos para obras industriales.<img loading=\"lazy\" decoding=\"async\" class=\"alignleft size-medium wp-image-416\" title=\"100_0946\" src=\"https:\/\/www.caipla.com\/web\/wp-content\/uploads\/100_09461-300x225.jpg\" alt=\"\" width=\"328\" height=\"249\" \/><\/p>\n<ul style=\"text-align: justify;\">\n<ul>\n<li>Pintura e imprimaci\u00f3n<\/li>\n<li>Montaje y colocaci\u00f3n de equipos<\/li>\n<li>Soldadura<\/li>\n<li>Maniobras con elementos de elevaci\u00f3n<\/li>\n<li>Ensamblaje<\/li>\n<\/ul>\n<\/ul>\n<p>&#8211; Rehabilitaci\u00f3n, remodelaci\u00f3n y transformaci\u00f3n de instalaciones\u00a0 industriales.<\/p>\n<p style=\"text-align: justify;\">&#8211; Paradas de planta.<\/p>\n<p style=\"text-align: justify;\">&#8211; Suministro de materiales.<\/p>\n","protected":false},"excerpt":{"rendered":"<p>CAIPLA realiza instalaciones para fluidos y montajes met\u00e1licos. Colaboramos con su departamento de mantenimiento en las diferentes tareas dando soporte donde sea necesari- &#8211; Montajes metalmec\u00e1nicos para obras industriales. Pintura e imprimaci\u00f3n Montaje y colocaci\u00f3n de equipos Soldadura Maniobras con elementos de elevaci\u00f3n Ensamblaje &#8211; Rehabilitaci\u00f3n, remodelaci\u00f3n y transformaci\u00f3n de instalaciones\u00a0 industriales. &#8211; Paradas de [&hellip;]<\/p>\n","protected":false},"author":2,"featured_media":0,"parent":0,"menu_order":0,"comment_status":"open","ping_status":"closed","template":"","meta":{"footnotes":""},"_links":{"self":[{"href":"https:\/\/www.caipla.com\/web\/wp-json\/wp\/v2\/pages\/152"}],"collection":[{"href":"https:\/\/www.caipla.com\/web\/wp-json\/wp\/v2\/pages"}],"about":[{"href":"https:\/\/www.caipla.com\/web\/wp-json\/wp\/v2\/types\/page"}],"author":[{"embeddable":true,"href":"https:\/\/www.caipla.com\/web\/wp-json\/wp\/v2\/users\/2"}],"replies":[{"embeddable":true,"href":"https:\/\/www.caipla.com\/web\/wp-json\/wp\/v2\/comments?post=152"}],"version-history":[{"count":9,"href":"https:\/\/www.caipla.com\/web\/wp-json\/wp\/v2\/pages\/152\/revisions"}],"predecessor-version":[{"id":425,"href":"https:\/\/www.caipla.com\/web\/wp-json\/wp\/v2\/pages\/152\/revisions\/425"}],"wp:attachment":[{"href":"https:\/\/www.caipla.com\/web\/wp-json\/wp\/v2\/media?parent=152"}],"curies":[{"name":"wp","href":"https:\/\/api.w.org\/{rel}","templated":true}]}}