{"id":150,"date":"2011-11-14T17:33:11","date_gmt":"2011-11-14T17:33:11","guid":{"rendered":"http:\/\/www.caipla.com\/web\/?page_id=150"},"modified":"2011-12-30T10:53:55","modified_gmt":"2011-12-30T10:53:55","slug":"caldereria-tecnica-industrial","status":"publish","type":"page","link":"https:\/\/www.caipla.com\/web\/caldereria-tecnica-industrial\/","title":{"rendered":"CALDERER\u00cdA T\u00c9CNICA INDUSTRIAL"},"content":{"rendered":"<p>&nbsp;<\/p>\n<p style=\"text-align: justify;\">Fabricaci\u00f3n de todo tipo de maquinaria industrial, dep\u00f3sitos y tolvas, recipientes a presi\u00f3n, estructuras met\u00e1licas y equipos a medida.<\/p>\n<p style=\"text-align: justify;\"><img loading=\"lazy\" decoding=\"async\" class=\"size-medium wp-image-408 alignleft\" title=\"IMAGE0074\" src=\"https:\/\/www.caipla.com\/web\/wp-content\/uploads\/IMAGE0074-300x230.jpg\" alt=\"\" width=\"300\" height=\"230\" srcset=\"https:\/\/www.caipla.com\/web\/wp-content\/uploads\/IMAGE0074-300x230.jpg 300w, https:\/\/www.caipla.com\/web\/wp-content\/uploads\/IMAGE0074-1024x787.jpg 1024w, https:\/\/www.caipla.com\/web\/wp-content\/uploads\/IMAGE0074.jpg 1248w\" sizes=\"(max-width: 300px) 100vw, 300px\" \/><strong>CAIPLA<\/strong> dispone de los recursos necesarios para el dise\u00f1o, la fabricaci\u00f3n, el montaje y puesta en marcha.<\/p>\n<p style=\"text-align: justify;\">Cons\u00faltenos ante cualquier proyecto o necesidad, nuestros t\u00e9cnicos se pondr\u00e1n en contacto con usted para estudiar su caso.<\/p>\n<p style=\"text-align: justify;\">Disponemos de toda la maquinar\u00eda necesaria para la fabricaci\u00f3n: cilindros, m\u00e1quinar\u00eda de corte por plasma, plegadoras, etc.<\/p>\n<p style=\"text-align: justify;\">Nuestro equipo humano compuesto por soldadores homologados, caldereros y montadores coordinados desde la oficina tecnica nos permite ofrecer una soluci\u00f3n a su necesidad.<\/p>\n<p style=\"text-align: center;\"><img loading=\"lazy\" decoding=\"async\" class=\"size-medium wp-image-418 alignright\" title=\"DSC02027\" src=\"https:\/\/www.caipla.com\/web\/wp-content\/uploads\/DSC020271-300x225.jpg\" alt=\"\" width=\"300\" height=\"225\" srcset=\"https:\/\/www.caipla.com\/web\/wp-content\/uploads\/DSC020271-300x225.jpg 300w, https:\/\/www.caipla.com\/web\/wp-content\/uploads\/DSC020271-1024x768.jpg 1024w, https:\/\/www.caipla.com\/web\/wp-content\/uploads\/DSC020271.jpg 2048w\" sizes=\"(max-width: 300px) 100vw, 300px\" \/><\/p>\n","protected":false},"excerpt":{"rendered":"<p>&nbsp; Fabricaci\u00f3n de todo tipo de maquinaria industrial, dep\u00f3sitos y tolvas, recipientes a presi\u00f3n, estructuras met\u00e1licas y equipos a medida. CAIPLA dispone de los recursos necesarios para el dise\u00f1o, la fabricaci\u00f3n, el montaje y puesta en marcha. Cons\u00faltenos ante cualquier proyecto o necesidad, nuestros t\u00e9cnicos se pondr\u00e1n en contacto con usted para estudiar su caso. [&hellip;]<\/p>\n","protected":false},"author":2,"featured_media":0,"parent":0,"menu_order":0,"comment_status":"open","ping_status":"closed","template":"","meta":{"footnotes":""},"_links":{"self":[{"href":"https:\/\/www.caipla.com\/web\/wp-json\/wp\/v2\/pages\/150"}],"collection":[{"href":"https:\/\/www.caipla.com\/web\/wp-json\/wp\/v2\/pages"}],"about":[{"href":"https:\/\/www.caipla.com\/web\/wp-json\/wp\/v2\/types\/page"}],"author":[{"embeddable":true,"href":"https:\/\/www.caipla.com\/web\/wp-json\/wp\/v2\/users\/2"}],"replies":[{"embeddable":true,"href":"https:\/\/www.caipla.com\/web\/wp-json\/wp\/v2\/comments?post=150"}],"version-history":[{"count":7,"href":"https:\/\/www.caipla.com\/web\/wp-json\/wp\/v2\/pages\/150\/revisions"}],"predecessor-version":[{"id":422,"href":"https:\/\/www.caipla.com\/web\/wp-json\/wp\/v2\/pages\/150\/revisions\/422"}],"wp:attachment":[{"href":"https:\/\/www.caipla.com\/web\/wp-json\/wp\/v2\/media?parent=150"}],"curies":[{"name":"wp","href":"https:\/\/api.w.org\/{rel}","templated":true}]}}